{"id":96,"date":"2024-12-17T15:02:36","date_gmt":"2024-12-17T14:02:36","guid":{"rendered":"https:\/\/www.operaincerta.it\/OIWP\/?page_id=96"},"modified":"2024-12-23T21:41:59","modified_gmt":"2024-12-23T20:41:59","slug":"maria-giovanna-fanelli","status":"publish","type":"page","link":"https:\/\/www.operaincerta.it\/OIWP\/maria-giovanna-fanelli\/","title":{"rendered":"Maria Giovanna Fanelli"},"content":{"rendered":"<div class=\"wp-block-image\">\n<figure class=\"alignleft size-full\"><img loading=\"lazy\" decoding=\"async\" width=\"200\" height=\"200\" src=\"https:\/\/www.operaincerta.it\/OIWP\/wp-content\/uploads\/2024\/12\/fanelli.jpg\" alt=\"\" class=\"wp-image-97\" srcset=\"https:\/\/www.operaincerta.it\/OIWP\/wp-content\/uploads\/2024\/12\/fanelli.jpg 200w, https:\/\/www.operaincerta.it\/OIWP\/wp-content\/uploads\/2024\/12\/fanelli-150x150.jpg 150w\" sizes=\"auto, (max-width: 200px) 100vw, 200px\" \/><\/figure>\n<\/div>\n\n\n<p>Maria, all&#8217;anagrafe, tutti mi conoscono come Mariagiovanna.<br>Sono nata a Ragusa, da pap\u00e0 pugliese e mamma camarinense. Ho vissuto nel siracusano, a Ragusa e a Catania. Adesso, vivo al mare.<br>Mi occupo di servizi editoriali (editing, affiancamento all&#8217;autore, copy writing per i social, ghost writing e correzione bozze), quindi leggo e scrivo molto per lavoro. Una robusta fetta del mio lavoro \u00e8 costituita da piccoli e sfiziosi laboratori di scrittura narrativa, sia per adulti che per ragazzi.<br>Scrivo molto anche per diletto. Mi piace raccontare storie, storie di ogni tipo, dalla storia d&#8217;amore al mito greco. Appassionata di mitologia sin da bambina, mi diverto a sfrondare i miti da pesantezze accademiche, in modo che tutti possano apprezzarli. Sul web, fra varie piattaforme e blog, c&#8217;\u00e8 sostanziosa testimonianza della mia scrittura.<br>Posso ritenermi una forte lettrice, perch\u00e9 uno dei miei principali hobby, da sempre, \u00e8 la lettura. Ad essa accompagno la musica e la politica. Da qualche anno, ho imparato ad apprezzare lo yoga per il benessere psicofisico che esso comporta. Non amo granch\u00e9, invece, le biografie, infatti confesso di essere in serie difficolt\u00e0.<br>Negli anni, mi \u00e8 capitato molte volte di partecipare a raccolte di racconti; due su tutte: <em>Cartoline dalla Sicilia<\/em>, L&#8217;erudita edizioni, alla quale ho partecipato con un racconto brevissimo, <em>Il pranzo al mare<\/em>; e <em>La Fornaia<\/em>, nella raccolta <em>Racconti a Donnafugata<\/em>, edita da Kreativamente edizioni.<br>\u00c8 da poco uscito il mio primo libro: <em>Spiccioli mitologici, piccola antologia mitologica senza pretese<\/em>.<\/p>\n","protected":false},"excerpt":{"rendered":"<p>Maria, all&#8217;anagrafe, tutti mi conoscono come Mariagiovanna.Sono nata a Ragusa, da pap\u00e0 pugliese e mamma camarinense. Ho vissuto nel siracusano, a Ragusa e a Catania. Adesso, vivo al mare.Mi occupo di servizi editoriali (editing, affiancamento all&#8217;autore, copy writing per i social, ghost writing e correzione bozze), quindi leggo e scrivo molto per lavoro. Una robusta fetta del mio lavoro \u00e8 costituita da piccoli e sfiziosi laboratori di scrittura narrativa, sia per adulti che per ragazzi.Scrivo molto anche per diletto. Mi piace raccontare storie, storie di ogni tipo, dalla storia d&#8217;amore al mito greco. Appassionata di mitologia sin da bambina, mi diverto a sfrondare i miti<a class=\"more-link\" href=\"https:\/\/www.operaincerta.it\/OIWP\/maria-giovanna-fanelli\/\">Read More &rarr;<\/a><\/p>\n","protected":false},"author":28,"featured_media":0,"parent":0,"menu_order":14,"comment_status":"closed","ping_status":"closed","template":"","meta":{"footnotes":""},"class_list":["entry","page","publish","author-comandante","post-96"],"_links":{"self":[{"href":"https:\/\/www.operaincerta.it\/OIWP\/wp-json\/wp\/v2\/pages\/96","targetHints":{"allow":["GET"]}}],"collection":[{"href":"https:\/\/www.operaincerta.it\/OIWP\/wp-json\/wp\/v2\/pages"}],"about":[{"href":"https:\/\/www.operaincerta.it\/OIWP\/wp-json\/wp\/v2\/types\/page"}],"author":[{"embeddable":true,"href":"https:\/\/www.operaincerta.it\/OIWP\/wp-json\/wp\/v2\/users\/28"}],"replies":[{"embeddable":true,"href":"https:\/\/www.operaincerta.it\/OIWP\/wp-json\/wp\/v2\/comments?post=96"}],"version-history":[{"count":3,"href":"https:\/\/www.operaincerta.it\/OIWP\/wp-json\/wp\/v2\/pages\/96\/revisions"}],"predecessor-version":[{"id":185,"href":"https:\/\/www.operaincerta.it\/OIWP\/wp-json\/wp\/v2\/pages\/96\/revisions\/185"}],"wp:attachment":[{"href":"https:\/\/www.operaincerta.it\/OIWP\/wp-json\/wp\/v2\/media?parent=96"}],"curies":[{"name":"wp","href":"https:\/\/api.w.org\/{rel}","templated":true}]}}