{"id":453,"date":"2025-02-03T07:54:53","date_gmt":"2025-02-03T06:54:53","guid":{"rendered":"https:\/\/www.operaincerta.it\/OIWP\/?page_id=453"},"modified":"2025-02-03T07:54:54","modified_gmt":"2025-02-03T06:54:54","slug":"ilaria-gianni","status":"publish","type":"page","link":"https:\/\/www.operaincerta.it\/OIWP\/ilaria-gianni\/","title":{"rendered":"Ilaria Giann\u00ec"},"content":{"rendered":"<div class=\"wp-block-image\">\n<figure class=\"alignleft size-full\"><img loading=\"lazy\" decoding=\"async\" width=\"200\" height=\"200\" src=\"https:\/\/www.operaincerta.it\/OIWP\/wp-content\/uploads\/2025\/02\/gianni.jpg\" alt=\"\" class=\"wp-image-454\" srcset=\"https:\/\/www.operaincerta.it\/OIWP\/wp-content\/uploads\/2025\/02\/gianni.jpg 200w, https:\/\/www.operaincerta.it\/OIWP\/wp-content\/uploads\/2025\/02\/gianni-150x150.jpg 150w\" sizes=\"auto, (max-width: 200px) 100vw, 200px\" \/><\/figure>\n<\/div>\n\n\n<p>Ilaria Valentina Giann\u00ec, (14\/02\/2002) lettrice, scrittrice dilettante e amante della storia dall&#8217;et\u00e0 di sei anni, si \u00e8 laureata in lettere presso l&#8217;universit\u00e0 di Catania, dove sta concludendo i suoi studi frequentando il corso di laurea magistrale di Storia e cultura dei paesi mediterranei.<\/p>\n","protected":false},"excerpt":{"rendered":"<p>Ilaria Valentina Giann\u00ec, (14\/02\/2002) lettrice, scrittrice dilettante e amante della storia dall&#8217;et\u00e0 di sei anni, si \u00e8 laureata in lettere presso l&#8217;universit\u00e0 di Catania, dove sta concludendo i suoi studi frequentando il corso di laurea magistrale di Storia e cultura dei paesi mediterranei.<a class=\"more-link\" href=\"https:\/\/www.operaincerta.it\/OIWP\/ilaria-gianni\/\">Read More &rarr;<\/a><\/p>\n","protected":false},"author":28,"featured_media":0,"parent":0,"menu_order":0,"comment_status":"closed","ping_status":"closed","template":"","meta":{"footnotes":""},"class_list":["entry","page","publish","author-comandante","post-453"],"_links":{"self":[{"href":"https:\/\/www.operaincerta.it\/OIWP\/wp-json\/wp\/v2\/pages\/453","targetHints":{"allow":["GET"]}}],"collection":[{"href":"https:\/\/www.operaincerta.it\/OIWP\/wp-json\/wp\/v2\/pages"}],"about":[{"href":"https:\/\/www.operaincerta.it\/OIWP\/wp-json\/wp\/v2\/types\/page"}],"author":[{"embeddable":true,"href":"https:\/\/www.operaincerta.it\/OIWP\/wp-json\/wp\/v2\/users\/28"}],"replies":[{"embeddable":true,"href":"https:\/\/www.operaincerta.it\/OIWP\/wp-json\/wp\/v2\/comments?post=453"}],"version-history":[{"count":1,"href":"https:\/\/www.operaincerta.it\/OIWP\/wp-json\/wp\/v2\/pages\/453\/revisions"}],"predecessor-version":[{"id":455,"href":"https:\/\/www.operaincerta.it\/OIWP\/wp-json\/wp\/v2\/pages\/453\/revisions\/455"}],"wp:attachment":[{"href":"https:\/\/www.operaincerta.it\/OIWP\/wp-json\/wp\/v2\/media?parent=453"}],"curies":[{"name":"wp","href":"https:\/\/api.w.org\/{rel}","templated":true}]}}