{"id":1518,"date":"2025-07-08T07:07:32","date_gmt":"2025-07-08T05:07:32","guid":{"rendered":"https:\/\/www.operaincerta.it\/OIWP\/?page_id=1518"},"modified":"2025-07-08T07:07:33","modified_gmt":"2025-07-08T05:07:33","slug":"silvana-leggio","status":"publish","type":"page","link":"https:\/\/www.operaincerta.it\/OIWP\/silvana-leggio\/","title":{"rendered":"Silvana Leggio"},"content":{"rendered":"\n<div class=\"wp-block-media-text is-stacked-on-mobile\" style=\"grid-template-columns:30% auto\"><figure class=\"wp-block-media-text__media\"><img loading=\"lazy\" decoding=\"async\" width=\"200\" height=\"200\" src=\"https:\/\/www.operaincerta.it\/OIWP\/wp-content\/uploads\/2025\/07\/silvana.jpg\" alt=\"\" class=\"wp-image-1519 size-full\" srcset=\"https:\/\/www.operaincerta.it\/OIWP\/wp-content\/uploads\/2025\/07\/silvana.jpg 200w, https:\/\/www.operaincerta.it\/OIWP\/wp-content\/uploads\/2025\/07\/silvana-150x150.jpg 150w\" sizes=\"auto, (max-width: 200px) 100vw, 200px\" \/><\/figure><div class=\"wp-block-media-text__content\">\n<p>Mi presento: Silvana Leggio, nata a Ragusa il 3 settembre 1963, vivo da sempre nella mia citt\u00e0 natale. Ho frequentato il Liceo Scientifico Fermi. Poco dopo la maturit\u00e0, ho iniziato a lavorare in campo amministrativo. La passione per la lettura mi \u00e8 stata compagna appena imparato a leggere. Ricordo ancora il primo libro ricevuto in regalo \u201cIl principe e il povero\u201d. Da allora ne ho ricevuti tanti, ne ho comprati molti, ne ho donati ben pochi. Perch\u00e9 ritengo che i libri svelino molto della persona che li sceglie, aprendo un varco alla conoscenza altrui. Cos\u00ec regalo libri solo alle persone che amo molto. Una mia fissa \u00e8 iniziare pi\u00f9 libri in contemporanea (mi chiedo da sola il perch\u00e9).<\/p>\n<\/div><\/div>\n","protected":false},"excerpt":{"rendered":"<p>Mi presento: Silvana Leggio, nata a Ragusa il 3 settembre 1963, vivo da sempre nella mia citt\u00e0 natale. Ho frequentato il Liceo Scientifico Fermi. Poco dopo la maturit\u00e0, ho iniziato a lavorare in campo amministrativo. La passione per la lettura mi \u00e8 stata compagna appena imparato a leggere. Ricordo ancora il primo libro ricevuto in regalo \u201cIl principe e il povero\u201d. Da allora ne ho ricevuti tanti, ne ho comprati molti, ne ho donati ben pochi. Perch\u00e9 ritengo che i libri svelino molto della persona che li sceglie, aprendo un varco alla conoscenza altrui. Cos\u00ec regalo libri solo alle persone che amo molto. Una mia<a class=\"more-link\" href=\"https:\/\/www.operaincerta.it\/OIWP\/silvana-leggio\/\">Read More &rarr;<\/a><\/p>\n","protected":false},"author":28,"featured_media":0,"parent":0,"menu_order":0,"comment_status":"closed","ping_status":"closed","template":"","meta":{"footnotes":""},"class_list":["entry","page","publish","author-comandante","post-1518"],"_links":{"self":[{"href":"https:\/\/www.operaincerta.it\/OIWP\/wp-json\/wp\/v2\/pages\/1518","targetHints":{"allow":["GET"]}}],"collection":[{"href":"https:\/\/www.operaincerta.it\/OIWP\/wp-json\/wp\/v2\/pages"}],"about":[{"href":"https:\/\/www.operaincerta.it\/OIWP\/wp-json\/wp\/v2\/types\/page"}],"author":[{"embeddable":true,"href":"https:\/\/www.operaincerta.it\/OIWP\/wp-json\/wp\/v2\/users\/28"}],"replies":[{"embeddable":true,"href":"https:\/\/www.operaincerta.it\/OIWP\/wp-json\/wp\/v2\/comments?post=1518"}],"version-history":[{"count":1,"href":"https:\/\/www.operaincerta.it\/OIWP\/wp-json\/wp\/v2\/pages\/1518\/revisions"}],"predecessor-version":[{"id":1520,"href":"https:\/\/www.operaincerta.it\/OIWP\/wp-json\/wp\/v2\/pages\/1518\/revisions\/1520"}],"wp:attachment":[{"href":"https:\/\/www.operaincerta.it\/OIWP\/wp-json\/wp\/v2\/media?parent=1518"}],"curies":[{"name":"wp","href":"https:\/\/api.w.org\/{rel}","templated":true}]}}